{"id":4070,"date":"2016-04-26T13:35:58","date_gmt":"2016-04-26T11:35:58","guid":{"rendered":"http:\/\/www.ukas.lt\/en\/skandinaviski-baldai\/"},"modified":"2016-04-26T13:35:58","modified_gmt":"2016-04-26T11:35:58","slug":"skandinaviski-baldai","status":"publish","type":"page","link":"https:\/\/www.ukas.lt\/en\/skandinaviski-baldai\/","title":{"rendered":"Skandinavi\u0161ki baldai"},"content":{"rendered":"[vc_row][vc_column][vc_column_text]Skandinavi\u0161ki baldai \u2013 bene vieni paklausiausi\u0173 visam pasauly \u012fskaitant ir Lietuv\u0105. Savita stilistika, kokyb\u0117, \u012fdomus bei ka\u017ekuo \u017eavus dizainas.<\/p>\n<p>Skandinavi\u0161kame interjere dominuoja i\u0161skirtinai nat\u016bralios med\u017eiagos &#8211; medis, vilna, kailis, veltinis, linas.[\/vc_column_text][\/vc_column][\/vc_row][vc_row][vc_column][vc_column_text]\n<h2 style=\"text-align: center;\">Skandinavi\u0161ki baldai<\/h2>\n[\/vc_column_text][\/vc_column][\/vc_row]\n","protected":false},"excerpt":{"rendered":"<p>[vc_row][vc_column][vc_column_text]Skandinavi\u0161ki baldai \u2013 bene vieni paklausiausi\u0173 visam pasauly \u012fskaitant ir Lietuv\u0105. Savita stilistika, kokyb\u0117, \u012fdomus bei ka\u017ekuo \u017eavus dizainas. Skandinavi\u0161kame interjere dominuoja i\u0161skirtinai nat\u016bralios med\u017eiagos &#8211; medis, vilna, kailis, veltinis, linas.[\/vc_column_text][\/vc_column][\/vc_row][vc_row][vc_column][vc_column_text] Skandinavi\u0161ki baldai [\/vc_column_text][\/vc_column][\/vc_row]<\/p>\n","protected":false},"author":1,"featured_media":0,"parent":0,"menu_order":0,"comment_status":"open","ping_status":"open","template":"page-portfolio-ajax.php","meta":[],"_links":{"self":[{"href":"https:\/\/www.ukas.lt\/en\/wp-json\/wp\/v2\/pages\/4070"}],"collection":[{"href":"https:\/\/www.ukas.lt\/en\/wp-json\/wp\/v2\/pages"}],"about":[{"href":"https:\/\/www.ukas.lt\/en\/wp-json\/wp\/v2\/types\/page"}],"author":[{"embeddable":true,"href":"https:\/\/www.ukas.lt\/en\/wp-json\/wp\/v2\/users\/1"}],"replies":[{"embeddable":true,"href":"https:\/\/www.ukas.lt\/en\/wp-json\/wp\/v2\/comments?post=4070"}],"version-history":[{"count":0,"href":"https:\/\/www.ukas.lt\/en\/wp-json\/wp\/v2\/pages\/4070\/revisions"}],"wp:attachment":[{"href":"https:\/\/www.ukas.lt\/en\/wp-json\/wp\/v2\/media?parent=4070"}],"curies":[{"name":"wp","href":"https:\/\/api.w.org\/{rel}","templated":true}]}}