{"id":4071,"date":"2016-04-26T13:28:31","date_gmt":"2016-04-26T11:28:31","guid":{"rendered":"http:\/\/www.ukas.lt\/en\/sendinti-baldai\/"},"modified":"2016-04-26T13:28:31","modified_gmt":"2016-04-26T11:28:31","slug":"sendinti-baldai","status":"publish","type":"page","link":"https:\/\/www.ukas.lt\/en\/sendinti-baldai\/","title":{"rendered":"Sendinti baldai"},"content":{"rendered":"[vc_row][vc_column][vc_column_text]Sendinti baldai yra tikrai puikus ir gra\u017eus pasirinkimas.\u00a0 Tokie baldai yra daromi i\u0161 nat\u016bralios medienos. Taip pat \u0161ie sendinti baldai, kad atrodyt\u0173, kiek \u012fmanoma, geriau b\u016bna i\u0161puo\u0161ti \u012fvairiausiais ornamentais bei ra\u0161tais, kurie suteikia savit\u0105 stili\u0173.[\/vc_column_text][\/vc_column][\/vc_row][vc_row][vc_column][vc_column_text]\n<h2 style=\"text-align: center;\">Sendinti baldai<\/h2>\n[\/vc_column_text][\/vc_column][\/vc_row]\n","protected":false},"excerpt":{"rendered":"<p>[vc_row][vc_column][vc_column_text]Sendinti baldai yra tikrai puikus ir gra\u017eus pasirinkimas.\u00a0 Tokie baldai yra daromi i\u0161 nat\u016bralios medienos. Taip pat \u0161ie sendinti baldai, kad atrodyt\u0173, kiek \u012fmanoma, geriau b\u016bna i\u0161puo\u0161ti \u012fvairiausiais ornamentais bei ra\u0161tais, kurie suteikia savit\u0105 stili\u0173.[\/vc_column_text][\/vc_column][\/vc_row][vc_row][vc_column][vc_column_text] Sendinti baldai [\/vc_column_text][\/vc_column][\/vc_row]<\/p>\n","protected":false},"author":1,"featured_media":0,"parent":0,"menu_order":0,"comment_status":"open","ping_status":"open","template":"page-portfolio-ajax.php","meta":[],"_links":{"self":[{"href":"https:\/\/www.ukas.lt\/en\/wp-json\/wp\/v2\/pages\/4071"}],"collection":[{"href":"https:\/\/www.ukas.lt\/en\/wp-json\/wp\/v2\/pages"}],"about":[{"href":"https:\/\/www.ukas.lt\/en\/wp-json\/wp\/v2\/types\/page"}],"author":[{"embeddable":true,"href":"https:\/\/www.ukas.lt\/en\/wp-json\/wp\/v2\/users\/1"}],"replies":[{"embeddable":true,"href":"https:\/\/www.ukas.lt\/en\/wp-json\/wp\/v2\/comments?post=4071"}],"version-history":[{"count":0,"href":"https:\/\/www.ukas.lt\/en\/wp-json\/wp\/v2\/pages\/4071\/revisions"}],"wp:attachment":[{"href":"https:\/\/www.ukas.lt\/en\/wp-json\/wp\/v2\/media?parent=4071"}],"curies":[{"name":"wp","href":"https:\/\/api.w.org\/{rel}","templated":true}]}}