{"id":4099,"date":"2016-01-12T16:36:24","date_gmt":"2016-01-12T14:36:24","guid":{"rendered":"http:\/\/www.ukas.lt\/en\/medzio-masyvo-baldai\/"},"modified":"2017-08-09T09:35:56","modified_gmt":"2017-08-09T07:35:56","slug":"solid-wood-furniture","status":"publish","type":"page","link":"https:\/\/www.ukas.lt\/en\/solid-wood-furniture\/","title":{"rendered":"Solid wood furniture"},"content":{"rendered":"[vc_row][vc_column width=&#8221;2\/3&#8243;][vc_column_text]Baldai i\u0161 medienos masyvo \u2013 \u016aKO elitin\u0117s kategorijos produkcija ir puikus pavyzdys, kaip klasika gali tapti modernu, kaip baldo kokyb\u0117 bei vert\u0117 tampa viso k\u016brybos ir gamybos proceso pagrindiniu tikslu.<\/p>\n<p>Nestandartiniai sprendimai ir vienetiniai, pagal individual\u0173 u\u017esakym\u0105 pagaminti \u016aKO baldai i\u0161 atspariausios ir geriausios medienos masyvo, deklaruoja estetik\u0105 ir ekologi\u0161kum\u0105, prabang\u0105 ir ilgaam\u017ei\u0161kum\u0105, i\u0161skirtinum\u0105 ir nat\u016bralumo gro\u017e\u012f.<\/p>\n<p>\u016aKAS kelia sau i\u0161skirtin\u0117s kokyb\u0117s reikalavimus ir \u012fgyvendina klient\u0173 svajones, kad baldai i\u0161 nat\u016bralios medienos tapt\u0173 neatsiejama klient\u0173 nam\u0173 ir aplinkos dalimi.[\/vc_column_text][\/vc_column][vc_column width=&#8221;1\/3&#8243;][vc_column_text]<div class=\"alterna-bullets \" ><div class=\"alterna-bullet\"><span class=\"alterna-bullet-icon btn-theme\"><i class=\"fa fa-check\"><\/i><\/span>Tai ekologi\u0161kiausia, nat\u016braliausia, \u0161variausia med\u017eiaga bald\u0173 pramon\u0117je;<\/div>\n<div class=\"alterna-bullet\"><span class=\"alterna-bullet-icon btn-theme\"><i class=\"fa fa-check\"><\/i><\/span>Baldai i\u0161 masyvo skleid\u017eia \u0161ilum\u0105, maloniai kvepia, juose gausu eterini\u0173 aliej\u0173;<\/div>\n<div class=\"alterna-bullet\"><span class=\"alterna-bullet-icon btn-theme\"><i class=\"fa fa-check\"><\/i><\/span>Nat\u016bralaus med\u017eio baldai yra patvar\u016bs ir ilgaam\u017eiai. Juos galima kelis kartus i\u0161rinkti ir v\u0117l surinkti, b\u0117gant metams atrestauruoti j\u0173 pavir\u0161i\u0173.<\/div><\/div>[\/vc_column_text][\/vc_column][\/vc_row][vc_row][vc_column][vc_column_text]\n<h2 style=\"text-align: center;\">Solid wood furniture<\/h2>\n[\/vc_column_text][\/vc_column][\/vc_row]\n","protected":false},"excerpt":{"rendered":"<p>[vc_row][vc_column width=&#8221;2\/3&#8243;][vc_column_text]Baldai i\u0161 medienos masyvo \u2013 \u016aKO elitin\u0117s kategorijos produkcija ir puikus pavyzdys, kaip klasika gali tapti modernu, kaip baldo kokyb\u0117 bei vert\u0117 tampa viso k\u016brybos ir gamybos proceso pagrindiniu tikslu. Nestandartiniai sprendimai ir vienetiniai, pagal individual\u0173 u\u017esakym\u0105 pagaminti \u016aKO baldai i\u0161 atspariausios ir geriausios medienos masyvo, deklaruoja estetik\u0105 ir ekologi\u0161kum\u0105, prabang\u0105 ir ilgaam\u017ei\u0161kum\u0105, i\u0161skirtinum\u0105 [&hellip;]<\/p>\n","protected":false},"author":1,"featured_media":0,"parent":0,"menu_order":0,"comment_status":"open","ping_status":"open","template":"page-portfolio-ajax.php","meta":[],"_links":{"self":[{"href":"https:\/\/www.ukas.lt\/en\/wp-json\/wp\/v2\/pages\/4099"}],"collection":[{"href":"https:\/\/www.ukas.lt\/en\/wp-json\/wp\/v2\/pages"}],"about":[{"href":"https:\/\/www.ukas.lt\/en\/wp-json\/wp\/v2\/types\/page"}],"author":[{"embeddable":true,"href":"https:\/\/www.ukas.lt\/en\/wp-json\/wp\/v2\/users\/1"}],"replies":[{"embeddable":true,"href":"https:\/\/www.ukas.lt\/en\/wp-json\/wp\/v2\/comments?post=4099"}],"version-history":[{"count":1,"href":"https:\/\/www.ukas.lt\/en\/wp-json\/wp\/v2\/pages\/4099\/revisions"}],"predecessor-version":[{"id":4100,"href":"https:\/\/www.ukas.lt\/en\/wp-json\/wp\/v2\/pages\/4099\/revisions\/4100"}],"wp:attachment":[{"href":"https:\/\/www.ukas.lt\/en\/wp-json\/wp\/v2\/media?parent=4099"}],"curies":[{"name":"wp","href":"https:\/\/api.w.org\/{rel}","templated":true}]}}